{"id":6257,"date":"2023-02-27T22:49:45","date_gmt":"2023-02-27T21:49:45","guid":{"rendered":"https:\/\/nonwoven365.com\/?page_id=6257"},"modified":"2023-02-27T22:49:45","modified_gmt":"2023-02-27T21:49:45","slug":"allgemeine-einkaufsbedingungen","status":"publish","type":"page","link":"https:\/\/nonwoven365.com\/en\/allgemeine-einkaufsbedingungen\/","title":{"rendered":"General terms and conditions of purchase"},"content":{"rendered":"<p><strong>ALLGEMEINE EINKAUFSBEDINGUNGEN (AEB)<\/strong><\/p>\n<p>&nbsp;<\/p>\n<p>der Phoenix Non Woven GmbH &amp; Co.KG, Adolf-Scheufelen-Str. 33, 73252 Lenningen<\/p>\n<p>&nbsp;<\/p>\n<ul>\n<li><strong> 1<\/strong>. <strong>Allgemeines \/ Geltungsbereich \/ Vertragsabschluss<\/strong><\/li>\n<\/ul>\n<p>&nbsp;<\/p>\n<ol>\n<li>Wir bestellen unter Zugrundelegung unserer nachstehenden Allgemeinen Einkaufsbedingungen (im Folgenden: &#8222;AEB&#8220;).<\/li>\n<\/ol>\n<p>Entgegenstehende oder von unseren AEB abweichende Bedingungen des Lieferanten werden nicht Vertragsbestandteil, es sei denn, wir h\u00e4tten ausdr\u00fccklich schriftlich ihrer Geltung zugestimmt. Unsere AEB gelten auch dann, wenn wir in Kenntnis entgegenstehender oder von unseren AEB abweichender Bedingungen des Lieferanten dessen Lieferung\/Leistung vorbehaltlos annehmen.<\/p>\n<p>&nbsp;<\/p>\n<ol start=\"2\">\n<li>Alle Vereinbarungen mit dem Lieferanten bed\u00fcrfen der Schriftform. M\u00fcndliche Erkl\u00e4rungen bin- den uns nur, wenn wir sie schriftlich best\u00e4tigen.<\/li>\n<li>Unsere AEB gelten auch f\u00fcr alle k\u00fcnftigen Gesch\u00e4fte mit dem Lieferanten.<\/li>\n<\/ol>\n<p>&nbsp;<\/p>\n<ol start=\"4\">\n<li>Wir erwarten eine umgehende Best\u00e4tigung unserer Bestellungen unter Angabe unserer Bestelldaten (Bestellnummer und -datum; Artikelnummer). Abweichungen von unserer Bestellung sind nur nach unserer vorherigen Zustimmung zul\u00e4ssig und in jedem Fall kenntlich zu machen. Soweit in der Bestellung keine Bindungsfrist angegeben ist, sind wir zum Widerruf berechtigt, wenn uns nicht innerhalb von 2 Wochen seit Zugang der Bestellung beim Lieferanten dessen Auftragsbest\u00e4tigung vorliegt.<\/li>\n<\/ol>\n<p>&nbsp;<\/p>\n<ol start=\"5\">\n<li>Bei Lieferungen, f\u00fcr welche keine Auftragsbest\u00e4tigung des Lieferanten vorliegt, bedeutet eine Entgegennahme nicht eine Zustimmung oder Genehmigung, sofern die Ware nach Art, Beschaffenheit, mengenm\u00e4\u00dfig oder in sonstiger Weise von unserer Bestellung abweicht.<\/li>\n<\/ol>\n<p><strong>\u00a0<\/strong><\/p>\n<ul>\n<li><strong> Leistungserbringung \/ Angebote \/ Rechte an Unterlagen \/ Geheimhaltung<\/strong><\/li>\n<\/ul>\n<p><strong>\u00a0<\/strong><\/p>\n<ol>\n<li>Teillieferungen sowie eine ganze oder teilweise Auftragsweitergabe sind nur nach unserer vorherigen Zustimmung zul\u00e4ssig.<\/li>\n<li>Angebote des Lieferanten sind f\u00fcr uns unverbindlich und kostenlos abzugeben, soweit nichts anderes schriftlich vereinbart ist.<\/li>\n<li>An Abbildungen, Zeichnungen, Berechnungen und sonstigen Unterlagen sowie Rezepturen behalten wir uns alle Rechte, insbesondere Eigentums- und Urheberrechte vor; sie d\u00fcrfen Dritten ohne unsere ausdr\u00fcckliche schriftliche Zustimmung nicht zug\u00e4nglich gemacht werden, sind ausschlie\u00dflich f\u00fcr die Fertigung auf Grund unserer Bestellung zu verwenden und nach Abwicklung der Herstellung unaufgefordert und kostenfrei an uns zur\u00fcckzugeben. Dritten gegen\u00fcber sind sie geheim zu halten; gleiches gilt auch hinsichtlich aller nicht offenkundigen technischen und kaufm\u00e4nnischen Einzelheiten, die dem Lieferanten im Rahmen der Gesch\u00e4fts-beziehung bekannt werden.<\/li>\n<\/ol>\n<p>&nbsp;<\/p>\n<ol start=\"4\">\n<li>Elektrisch betriebene ortsfeste und ortsbewegliche Ger\u00e4te m\u00fcssen in ihrem jeweiligen Segment die h\u00f6chstm\u00f6gliche Energieeffizienzklasse aufweisen, sowie GS und\/oder VDE gepr\u00fcft und mit dem CE-Kennzeichen ausgestattet sein.<\/li>\n<\/ol>\n<p>&nbsp;<\/p>\n<p>&nbsp;<\/p>\n<ul>\n<li><strong> 3. Preise \/ Versand \/ Lieferscheine \/ Gefahrtragung<\/strong><\/li>\n<\/ul>\n<p><strong>\u00a0<\/strong><\/p>\n<ol start=\"5\">\n<li>Die vereinbarten Preise sind Festpreise frei Werk Lenningen bzw. von uns angegebenem Bestimmungsort und beinhalten die Kosten f\u00fcr Verpackung, Fracht und Transport.<\/li>\n<li>Soweit unsere Bestellung keine Preisangaben enth\u00e4lt, sind uns in der Auftragsbest\u00e4tigung, die vom Lieferanten verlangten Preise zu nennen, die im Falle des Bestehens von Listenpreisen den bei der Bestellung g\u00fcltigen Listenpreisen des Lieferanten mit den handels\u00fcblichen bzw. vereinbarten Abz\u00fcgen entsprechen m\u00fcssen. Die in der Auftragsbest\u00e4tigung genannten Preise gelten in F\u00e4llen des Satzes 1 als vereinbart, wenn wir nicht innerhalb von 8 Tagen seit Erhalt der Auftragsbest\u00e4tigung widersprechen.<\/li>\n<\/ol>\n<p>&nbsp;<\/p>\n<ol start=\"7\">\n<li>Bei &#8222;ab Werk&#8220; Lieferung behalten wir uns vor, die Versandart vorzuschreiben. Sofern wir von diesem Recht keinen Gebrauch machen, \u00fcbernehmen wir keine Versandkosten.<\/li>\n<li>Jeder Sendung ist ein Lieferschein in 2-facher Ausfertigung mit unseren kompletten Bestell-daten (vgl. \u00a7 1 Ziff. 4) beizuf\u00fcgen, ohne deren Angabe uns eine Bearbeitung nicht m\u00f6glich ist.<\/li>\n<li>Die Lieferung erfolgt, sofern nichts anderes schriftlich vereinbart ist, auf Gefahr des Lieferanten frei Werk Lenningen bzw. von uns genanntem Bestimmungsort. Die Gefahr jeder Verschlechterung und des zuf\u00e4lligen Untergangs tr\u00e4gt bis zur Ablieferung der Lieferant.<\/li>\n<\/ol>\n<p>&nbsp;<\/p>\n<ul>\n<li><strong> Rechnungsunterlagen \/ Zahlungsbedingungen \/ Abtretung<\/strong><\/li>\n<\/ul>\n<p><strong>\u00a0<\/strong><\/p>\n<ol>\n<li>Rechnungen, die uns in 2-facher Ausfertigung bei Versand der Ware &#8211; jedoch getrennt von dieser zuzusenden sind, k\u00f6nnen wir nur bearbeiten, wenn diese die in unserer Bestellung aus-gewiesenen Bestelldaten (vgl. \u00a7 1, Ziff. 4) enth\u00e4lt; f\u00fcr alle wegen Nichtangabe dieser Daten ent-stehenden Folgen ist der Lieferant verantwortlich.<\/li>\n<\/ol>\n<p>&nbsp;<\/p>\n<ol start=\"2\">\n<li>F\u00fcr Zahlungen sind die bei uns ermittelten Mengen, Gewichte oder sonst der Preisbildung zugrundeliegenden Einheiten ma\u00dfgebend.<\/li>\n<li>Zahlung erfolgt entweder innerhalb von 14 Tagen mit 3 % Skonto oder innerhalb von 30 Tagen mit 2 % Skonto oder nach 60 Tagen rein netto (jeweils gerechnet ab Wareneingang \/ Abnahme der Leistung und Rechnungseingang) nach unserer Wahl durch \u00dcberweisung,<\/li>\n<li>Eine vorbehaltlose Zahlung stellt in keinem Fall einen Verzicht auf M\u00e4ngelr\u00fcgen hinsichtlich des Leistungsgegenstandes dar.<\/li>\n<\/ol>\n<p>&nbsp;<\/p>\n<ol start=\"6\">\n<li>Eine Abtretung der dem Lieferanten gegen uns zustehenden Forderungen ist ohne unsere vorherige Zustimmung unwirksam.<\/li>\n<\/ol>\n<p>&nbsp;<\/p>\n<ul>\n<li><strong> Lieferzeit \/ Verzug \/ H\u00f6here Gewalt<\/strong><\/li>\n<\/ul>\n<p><strong>\u00a0<\/strong><\/p>\n<ol>\n<li>Vereinbarte Liefer- und Leistungszeiten sind verbindlich.<\/li>\n<\/ol>\n<p>&nbsp;<\/p>\n<p>Die Rechtzeitigkeit richtet sich bei Warenlieferungen nach dem Eingang der Ware bei uns oder dem von uns genannten Bestimmungsort, bei sonstigen Leistungen nach deren erfolgreicher Abnahme.<\/p>\n<p>&nbsp;<\/p>\n<ol start=\"2\">\n<li>Die Ablieferung bestellter Waren hat an Werktagen &#8211; Montag bis Freitag von 8 Uhr bis sp\u00e4testens 12 Uhr &#8211; zu erfolgen.<\/li>\n<li>Wird vor dem bedungenen Liefertermin angeliefert, k\u00f6nnen wir die Ware auf Kosten des Lieferanten zur\u00fccksenden. Unterbleibt eine R\u00fccksendung, kann die Rechnung entsprechend valutiert werden, die Ware lagert dann bis zum Liefertermin bei uns oder einem von uns beauftragten Dritten auf Kosten und Gefahr des Lieferanten.<\/li>\n<\/ol>\n<p>&nbsp;<\/p>\n<p>&nbsp;<\/p>\n<p>&nbsp;<\/p>\n<p>&nbsp;<\/p>\n<ol start=\"4\">\n<li>Wird absehbar, dass die bedungene Lieferzeit nicht eingehalten werden kann, hat uns der Lieferant hiervon unverz\u00fcglich schriftlich unter Angabe von Gr\u00fcnden und der Verz\u00f6gerungs-daten in Kenntnis zu setzen.<\/li>\n<\/ol>\n<p>&nbsp;<\/p>\n<ol start=\"5\">\n<li>Im Falle vom Lieferanten zu vertretender Termin\u00fcberschreitungen sind wir nach Ablauf einer von uns gesetzten angemessenen Nachfrist &#8211; unbeschadet weitergehender gesetzlicher Anspr\u00fcche &#8211; berechtigt, vom Vertrag zur\u00fcckzutreten. Daneben sind wir berechtigt, Schadens-ersatz zu verlangen.<\/li>\n<\/ol>\n<p>&nbsp;<\/p>\n<ol start=\"6\">\n<li>Der Lieferant hat uns s\u00e4mtliche unmittelbaren und mittelbaren Verzugssch\u00e4den zu ersetzen. Die Annahme der versp\u00e4teten Lieferung oder Leistung bedeutet keinen Verzicht auf Ersatzanspr\u00fcche.<\/li>\n<\/ol>\n<p>&nbsp;<\/p>\n<ol start=\"7\">\n<li>Ereignisse h\u00f6herer Gewalt sowie Arbeitskampfma\u00dfnahmen, insbesondere Streik und Aus-sperrung, befreien uns f\u00fcr die Dauer ihres Vorliegens und einer angemessenen Anlaufzeit von unseren vertraglichen Verpflichtungen. Die Vertragspartner haben beim Eintritt solcher Ereignisse ihre Verpflichtungen den ver\u00e4nderten Verh\u00e4ltnissen nach Treu und Glauben anzupassen.<\/li>\n<\/ol>\n<p>&nbsp;<\/p>\n<ul>\n<li><strong> 6. Verzollung<\/strong><\/li>\n<\/ul>\n<p><strong>\u00a0<\/strong><\/p>\n<p>Lieferungen aus dem Ausland erbitten wir direkt an uns &#8211; Bestimmungszollstelle Zollamt \u00a0\u00a0\u00a0\u00a0\u00a0\u00a0N\u00fcrtingen &#8211; gestellungsbefreit.<\/p>\n<p>&nbsp;<\/p>\n<ul>\n<li><strong> 7<\/strong>. <strong>Garantie \/ Gew\u00e4hrleistung<\/strong><\/li>\n<\/ul>\n<p>&nbsp;<\/p>\n<ol>\n<li>Die Einhaltung des neuesten Standes der Technik, aller einschl\u00e4gigen rechtlichen Bestimmungen, sowie der Vorschriften und Richtlinien von Beh\u00f6rden, Berufsgenossenschaften und Fachverb\u00e4nden wird vom Lieferanten hinsichtlich aller Liefergegenst\u00e4nde und von ihm erbrachter Leistungen garantiert. Abweichungen von diesen Vorschriften sind nur nach unserer vorherigen Zustimmung zul\u00e4ssig. Durch unsere Zustimmung werden Garantie- oder Gew\u00e4hrleistungsverpflichtungen des Lieferanten nicht ber\u00fchrt.<\/li>\n<\/ol>\n<p>&nbsp;<\/p>\n<ol start=\"2\">\n<li>Der Lieferant garantiert die in Pflichten- oder Lastenheften vereinbarten Leistungen und Eigenschaften sowie die Einhaltung der vereinbarten Produktspezifikationen und Produktangaben (z.B. ISO 9001). Der Auftragnehmer garantiert dabei f\u00fcr den Liefergegen-stand, Werkstoff und Werkarbeit, Vollst\u00e4ndigkeit und Fehlerfreiheit.<\/li>\n<\/ol>\n<p>&nbsp;<\/p>\n<ol start=\"3\">\n<li>Eventuelle Bedenken gegen die von uns gew\u00fcnschte Art der Ausf\u00fchrung hat uns der Lieferant unverz\u00fcglich schriftlich mitzuteilen.<\/li>\n<li>Wir werden offene M\u00e4ngel der Lieferung \/ Leistung unverz\u00fcglich nach einer im Rahmen einer ordnungsgem\u00e4\u00dfen Abwicklung erfolgten Feststellung, sp\u00e4testens jedoch innerhalb von 8 Ta-gen nach Lieferung, r\u00fcgen. F\u00fcr verdeckte M\u00e4ngel l\u00e4uft diese Frist ab Feststellung.<\/li>\n<\/ol>\n<p>&nbsp;<\/p>\n<ol start=\"5\">\n<li>Ungeachtet weitergehender gesetzlicher Anspr\u00fcche, insbesondere solcher auf R\u00fccktritt, Minderung oder Schadensersatz sind ger\u00fcgte M\u00e4ngel (zu denen auch Anders- oder Zuwenig Lieferungen geh\u00f6ren) vom Lieferanten nach unserer Aufforderung und unserer Wahl unverz\u00fcglich durch Reparatur, durch Austausch der mangelhaften Teile oder durch Lieferung einer mangelfreien Sache zu beseitigen.<\/li>\n<\/ol>\n<p>&nbsp;<\/p>\n<ol start=\"6\">\n<li>Wir k\u00f6nnen erforderliche Ma\u00dfnahmen auf Kosten und Gefahr des Lieferanten selbst treffen oder von Dritten treffen lassen, wenn der Lieferant seiner Garantie- bzw. Gew\u00e4hrleistungs-verpflichtung &#8211; die unber\u00fchrt bleibt &#8211; innerhalb einer von uns gesetzten angemessenen Frist nicht nachkommt.<\/li>\n<\/ol>\n<p>&nbsp;<\/p>\n<ol start=\"7\">\n<li>Im Falle drohender Sch\u00e4den von au\u00dfergew\u00f6hnlichem Ausma\u00df oder beim Auftreten nur gering-f\u00fcgiger M\u00e4ngel k\u00f6nnen wir ohne vorherige Nachfristsetzung bzw. Abstimmung mit dem Lieferanten den Mangel selbst beseitigen und die Aufwendungen dem Lieferanten belasten, ohne dass hierdurch die Garantie- bzw. Gew\u00e4hrleistungsverpflichtung des Lieferanten ber\u00fchrt wird.<\/li>\n<\/ol>\n<p>&nbsp;<\/p>\n<ol start=\"8\">\n<li>Soweit nicht ausdr\u00fccklich etwas anderes vereinbart oder gesetzlich vorgesehen ist, betr\u00e4gt die Garantie bzw. Gew\u00e4hrleistungszeit bei beweglichen Sachen zwei Jahre, wobei hinsichtlich deren Beginn folgendes ma\u00dfgebend ist:<\/li>\n<\/ol>\n<p>&nbsp;<\/p>\n<ul>\n<li>Bei Warenlieferungen die \u00dcbergabe des Liefergegenstandes an uns oder den von uns benannten Dritten am Bestimmungsort;<\/li>\n<li>bei Vorrichtungen, Maschinen, Anlagen die von uns unterzeichnete schriftliche Abnahme-erkl\u00e4rung;<\/li>\n<li>bei Ersatzteilen die Inbetriebnahme, die sp\u00e4testens ein Jahr nach Lieferung anzunehmen ist.<\/li>\n<\/ul>\n<p>&nbsp;<\/p>\n<ol start=\"9\">\n<li>Die Garantie- bzw. Gew\u00e4hrleistungszeit beginnt f\u00fcr reparierte oder ersatzweise gelieferte Teile oder Sachen mit Abschluss der Reparatur bzw. Lieferung neu.<\/li>\n<\/ol>\n<p>&nbsp;<\/p>\n<ul>\n<li><strong> 8.<\/strong> <strong>Produkthaftung<\/strong><\/li>\n<\/ul>\n<p>&nbsp;<\/p>\n<p>Soweit der Lieferant f\u00fcr einen Produktschaden verantwortlich ist, ist er verpflichtet, uns inso-weit von Schadensersatzanspr\u00fcchen Dritter auf erstes Anfordern freizustellen, als die Ursache in seinem Herrschafts- und Organisationsbereich gesetzt ist und er im Au\u00dfenverh\u00e4ltnis selbst haftet.<\/p>\n<p>&nbsp;<\/p>\n<ul>\n<li><strong> 9.<\/strong> <strong>Ausf\u00fchrung von Arbeiten \/ Arbeitssicherheit<\/strong><\/li>\n<\/ul>\n<p>&nbsp;<\/p>\n<p>Personen, die in Erf\u00fcllung des Vertrages Arbeiten in unserem Werksgel\u00e4nde ausf\u00fchren, haben unser &#8222;Sicherheitsmerkblatt f\u00fcr Kontraktor Mitarbeiter&#8220;, das als vereinbart gilt, zu beachten. Die Haftung f\u00fcr Unf\u00e4lle, die diesen Personen auf dem Werksgel\u00e4nde zusto\u00dfen, ist ausgeschlossen, soweit uns nicht Vorsatz oder grobe Fahrl\u00e4ssigkeit trifft.<\/p>\n<p>&nbsp;<\/p>\n<p>&nbsp;<\/p>\n<ul>\n<li><strong> 10<\/strong>. <strong>Salvatorische Klausel \/ Erf\u00fcllungsort \/ Gerichtsstand \/ Anzuwendendes Recht<\/strong><\/li>\n<\/ul>\n<p>&nbsp;<\/p>\n<ol>\n<li>Sollten einzelne Teile dieser AEB rechtsunwirksam sein, wird die Wirksamkeit der \u00fcbrigen Bestimmungen hierdurch nicht ber\u00fchrt.<\/li>\n<li>Erf\u00fcllungsort ist unser Gesch\u00e4ftssitz, sofern nichts anderes vereinbart ist.<\/li>\n<\/ol>\n<p>&nbsp;<\/p>\n<ol start=\"3\">\n<li>Gerichtsstand ist der Sitz der f\u00fcr uns allgemein zust\u00e4ndigen Gerichte (je nach Streitwert: Amtsgericht Kirchheim\/Teck &#8211; Landgericht Stuttgart), wir sind jedoch berechtigt, den Lieferanten in seinem allgemeinen Gerichtsstand zu verklagen.<\/li>\n<\/ol>\n<p>&nbsp;<\/p>\n<ol start=\"4\">\n<li>Es ist ausschlie\u00dflich das in der Bundesrepublik Deutschland geltende Recht anzuwenden, soweit nicht etwas anderes vereinbart ist.<\/li>\n<\/ol>","protected":false},"excerpt":{"rendered":"<p>ALLGEMEINE EINKAUFSBEDINGUNGEN (AEB) &nbsp; der Phoenix Non Woven GmbH &amp; Co.KG, Adolf-Scheufelen-Str. 33, 73252 Lenningen &nbsp; 1. Allgemeines \/ Geltungsbereich \/&#8230;<\/p>","protected":false},"author":1,"featured_media":0,"parent":0,"menu_order":0,"comment_status":"closed","ping_status":"closed","template":"","meta":{"footnotes":""},"class_list":["post-6257","page","type-page","status-publish","hentry"],"_links":{"self":[{"href":"https:\/\/nonwoven365.com\/en\/wp-json\/wp\/v2\/pages\/6257","targetHints":{"allow":["GET"]}}],"collection":[{"href":"https:\/\/nonwoven365.com\/en\/wp-json\/wp\/v2\/pages"}],"about":[{"href":"https:\/\/nonwoven365.com\/en\/wp-json\/wp\/v2\/types\/page"}],"author":[{"embeddable":true,"href":"https:\/\/nonwoven365.com\/en\/wp-json\/wp\/v2\/users\/1"}],"replies":[{"embeddable":true,"href":"https:\/\/nonwoven365.com\/en\/wp-json\/wp\/v2\/comments?post=6257"}],"version-history":[{"count":1,"href":"https:\/\/nonwoven365.com\/en\/wp-json\/wp\/v2\/pages\/6257\/revisions"}],"predecessor-version":[{"id":6258,"href":"https:\/\/nonwoven365.com\/en\/wp-json\/wp\/v2\/pages\/6257\/revisions\/6258"}],"wp:attachment":[{"href":"https:\/\/nonwoven365.com\/en\/wp-json\/wp\/v2\/media?parent=6257"}],"curies":[{"name":"wp","href":"https:\/\/api.w.org\/{rel}","templated":true}]}}